{"id":660,"date":"2014-01-11T12:03:37","date_gmt":"2014-01-11T11:03:37","guid":{"rendered":"http:\/\/www.stephane-herzog.com\/cv\/?page_id=660"},"modified":"2023-12-21T13:46:56","modified_gmt":"2023-12-21T12:46:56","slug":"economie","status":"publish","type":"page","link":"https:\/\/www.stephane-herzog.com\/cv\/economie\/","title":{"rendered":"Economie"},"content":{"rendered":"\n<p><a href=\"https:\/\/www.swisscommunity.org\/pt\/nouvelles-et-medias\/revue-suisse\/article\/die-kartoffel-leidet-unter-der-hitze-und-loest-einen-kampf-ums-wasser-aus\">La patate souffre de la chaleur et provoque une guerre de l\u2019eau <\/a><br>(Revue Suisse; d\u00e9cembre 2023) <\/p>\n\n\n<div id=\"leftwrap\">\n<div id=\"content_main\">\n<div id=\"c1465\" class=\"csc-default layout-0 frame-0\">\n<div class=\"news news-single\">\n<div class=\"article\">\n<div class=\"header\">\n<p class=\"stage__title\"><a href=\"https:\/\/www.swisscommunity.org\/pt\/nouvelles-et-medias\/revue-suisse\/article\/in-der-schweiz-gehoert-das-salz-immer-noch-dem-staat\">En Suisse, le sel appartient toujours \u00e0 l\u2019\u00c9tat<\/a> <br \/>(Revue Suisse; d\u00e9cembre 2023)<\/p>\n<p><a href=\"http:\/\/www.revue.ch\/fr\/editions\/2017\/02\/detail\/news\/detail\/News\/les-drones-professionnels-prennent-leur-envol-en-suisse\/?tx_pwcomments_pi1%5BcommentToReplyTo%5D=4583&amp;tx_pwcomments_pi1%5Baction%5D=new&amp;tx_pwcomments_pi1%5Bcontroller%5D=Comment&amp;cHash=2ffb912869c364745beb6a6168b1ed03\">Les drones professionnels prennent leur envol en Suisse<\/a><br \/>(Revue Suisse; mars 2017)<\/p>\n<\/div>\n<\/div>\n<\/div>\n<\/div>\n<\/div>\n<\/div>\n<p><a href=\"http:\/\/www.bilan.ch\/entreprises-plus-de-redaction\/creer-start-piege-ego\">Cr\u00e9er sa start-up: le pi\u00e8ge des egos<\/a><br \/>(Bilan; le 8 avril 2016)<\/p>\n<p><a href=\"http:\/\/www.bilan.ch\/node\/1034779\">Et si l&rsquo;entretien de travail \u00e9tait un leurre?<\/a><br \/>(Bilan, 15 f\u00e9vrier 2016)<\/p>\n<p><a href=\"http:\/\/www.bilan.ch\/economie-plus-de-redaction\/geneve-internationale-pression\">La Gen\u00e8ve internationale sous pression<\/a> (au sujet du projet de fusion entre FIPOI et FCIG) (Bilan; 9 d\u00e9cembre 2005)<\/p>\n<p><a href=\"http:\/\/www.bilan.ch\/economie-plus-de-redaction\/vie-nocturne-a-geneve-restrictions-ont-un-cout\">Vie nocturne \u00e0 Gen\u00e8ve : les restrictions ont un co\u00fbt<\/a> (Bilan, 26 novembre 2015)<\/p>\n<p><a href=\"http:\/\/www.revue.ch\/fr\/editions\/2015\/03\/detail\/news\/detail\/News\/le-franc-fort-une-opportunite-pour-produire-differemment\/\">Les recette de Suzanne de Treville (HEC Lausanne) pour faire face au franc fort<\/a> (Revue Suisse; mai 2015)<\/p>\n<p><a href=\"http:\/\/www.bilan.ch\/economie-plus-de-redaction\/geneve-forme-lelite-mondiale-negoce\">Gen\u00e8ve forme l&rsquo;\u00e9lite mondiale du n\u00e9goce<\/a> (Bilan; 11.05.15)<\/p>\n<p><a href=\"http:\/\/www.letemps.ch\/Page\/Uuid\/a243cd62-b85f-11e4-b703-7833333027ee\/Les_sondages_de_satisfaction_au_travail_font_peur_aux_employeurs\">Les sondages d&rsquo;opinion font peur aux employ\u00e9s<\/a> (Le Temps; 20.02.2015)<\/p>\n<p><a href=\"http:\/\/www.letemps.ch\/Page\/Uuid\/4e81b516-9dae-11e4-aa73-0eb920ec942b\">Sur les r\u00e9seaux sociaux, les marques font fausse route<\/a> (Le Temps; 17.01.15)<\/p>\n<p><a href=\"http:\/\/www.letemps.ch\/Page\/Uuid\/f1f23adc-4fe7-11e4-a701-a0e5a8a72efd\/Une_start-up_zurichoise_ouvre_le_march%C3%A9_de_la_radio_num%C3%A9rique_aux_cha%C3%AEnes_locales\">Une start-up zurichoise lib\u00e8re la radio num\u00e9rique en ligne<\/a> (Le Temps; 10.10.2014)<\/p>\n<p><a href=\"http:\/\/app.letemps.ch\/page\/Uuid\/1cce13bc-4b14-11e4-aef6-ddf0e2b621d7\">La pub vid\u00e9o sur Internet? Une chance pour les m\u00e9dias en ligne?<\/a>\u00a0Interview de Pierre Chappaz, PDG de Teads (Le Temps; 05.10.2014)<\/p>\n<p><a href=\"http:\/\/www.letemps.ch\/Page\/Uuid\/4279dd14-b5c6-11e3-89bf-9a135d06b460\/LEcole_h\u00f4teli\u00e8re_de_Gen\u00e8ve_juge_sa_concurrente_vaudoise_\u00e9loign\u00e9e_du_terrain\">L\u2019Ecole h\u00f4teli\u00e8re de Gen\u00e8ve juge sa concurrente vaudoise \u00e9loign\u00e9e du terrain<\/a> (Le Temps; 28.03.2014)<\/p>\n<p><a href=\"http:\/\/www.letemps.ch\/Page\/Uuid\/0c7c5746-b03a-11e3-8fc9-d34b872d9eb8\/L\u00e9motion_est_la_meilleure_amie_des_chefs_dentreprise\">Des PDG \u00e0 l&rsquo;\u00e9cole de l&rsquo;humain: reportage \u00e0 l&rsquo;IMD Lausanne, o\u00f9 l&rsquo;alpiniste amput\u00e9 Jamie Andrew \u00e9voque sa r\u00e9surrection<\/a> (Le Temps; 21.01.2014)<\/p>\n<p><a href=\"http:\/\/letemps.ch\/Page\/Uuid\/77ddc218-52ac-11e3-966c-07ee27cea0c8\/Les_femmes_invit%C3%A9es_%C3%A0_mieux_n%C3%A9gocier_leurs_salaires#.UpolYLCA2id\">Les femmes invit\u00e9es \u00e0 mieux n\u00e9gocier leurs salaires<\/a> (Le Temps; 22.11.2013)<\/p>\n<p><a href=\"http:\/\/www.courrierinternational.com\/article\/2013\/11\/21\/la-chine-comme-un-aimant\">All\u00e9ch\u00e9s par des promesses de carri\u00e8re, de nombreux jeunes Europ\u00e9ens choisissent ce pays pour suivre un MBA<\/a>\u00a0(article paru dans Le Temps; 23.11.2013 \/ repris par <a href=\"http:\/\/www.courrierinternational.com\/article\/2013\/11\/21\/la-chine-comme-un-aimant\">Le Courrier international<\/a>)<\/p>\n<p><a href=\"http:\/\/www.letemps.ch\/Page\/Uuid\/c9247f78-850a-11e3-aa72-770c65db20cb\/Dooldy.com_le_site_qui_vous_dit_o\u00f9_la_vie_au_travail_est_belle\">Dooldy.com le site qui vous dit o\u00f9 la vie au travail est belle<\/a> (Le Temps; 24.01.2014)<\/p>\n<p><a href=\"http:\/\/www.letemps.ch\/Page\/Uuid\/a3b6d9c4-7930-11e3-a6a7-73aa85943843\/Les_animateurs_de_r\u00e9seaux_sociaux_sont_recherch\u00e9s_par_les_entreprises\">Les Community Managers sont recherch\u00e9s par les entreprises<\/a>\u00a0 (Le Temps; 10.01.2014)<\/p>\n<p><a href=\"https:\/\/www.letempsarchives.ch\/page\/LNQ_1997_10_13\/18\/article\/10013944\/Des%20ascenseurs%20suisses%20pourraient%20mettre%20un%20peu%20d%E2%80%99ordre%20dans%20les%20rues%20engorg%C3%A9es%20de%20Naples\">Des ascenseurs suisses pourraient mettre un peu d&rsquo;ordre dans les rues engorg\u00e9es de Naples<\/a> (Le Nouveau Quotidien; 13.10.1997)<\/p>\n\n\n<p><\/p>\n","protected":false},"excerpt":{"rendered":"<p>La patate souffre de la chaleur et provoque une guerre de l\u2019eau (Revue Suisse; d\u00e9cembre 2023) En Suisse, le sel appartient toujours \u00e0 l\u2019\u00c9tat (Revue Suisse; d\u00e9cembre 2023) Les drones professionnels prennent leur envol en Suisse(Revue Suisse; mars 2017) Cr\u00e9er sa start-up: le pi\u00e8ge des egos(Bilan; le 8 avril 2016) Et si l&rsquo;entretien de travail [&hellip;]<\/p>\n","protected":false},"author":1,"featured_media":0,"parent":0,"menu_order":0,"comment_status":"closed","ping_status":"closed","template":"","meta":[],"_links":{"self":[{"href":"https:\/\/www.stephane-herzog.com\/cv\/wp-json\/wp\/v2\/pages\/660"}],"collection":[{"href":"https:\/\/www.stephane-herzog.com\/cv\/wp-json\/wp\/v2\/pages"}],"about":[{"href":"https:\/\/www.stephane-herzog.com\/cv\/wp-json\/wp\/v2\/types\/page"}],"author":[{"embeddable":true,"href":"https:\/\/www.stephane-herzog.com\/cv\/wp-json\/wp\/v2\/users\/1"}],"replies":[{"embeddable":true,"href":"https:\/\/www.stephane-herzog.com\/cv\/wp-json\/wp\/v2\/comments?post=660"}],"version-history":[{"count":40,"href":"https:\/\/www.stephane-herzog.com\/cv\/wp-json\/wp\/v2\/pages\/660\/revisions"}],"predecessor-version":[{"id":1350,"href":"https:\/\/www.stephane-herzog.com\/cv\/wp-json\/wp\/v2\/pages\/660\/revisions\/1350"}],"wp:attachment":[{"href":"https:\/\/www.stephane-herzog.com\/cv\/wp-json\/wp\/v2\/media?parent=660"}],"curies":[{"name":"wp","href":"https:\/\/api.w.org\/{rel}","templated":true}]}}